{"id":170,"date":"2026-03-03T10:54:40","date_gmt":"2026-03-03T10:54:40","guid":{"rendered":"https:\/\/blancaparra.fpcei.eu\/?page_id=170"},"modified":"2026-03-03T10:54:40","modified_gmt":"2026-03-03T10:54:40","slug":"tenistas-que-nos-han-visitado","status":"publish","type":"page","link":"https:\/\/blancaparra.fpcei.eu\/?page_id=170","title":{"rendered":"Tenistas que nos han visitado"},"content":{"rendered":"\n<div class=\"wp-block-media-text has-media-on-the-right is-stacked-on-mobile\"><div class=\"wp-block-media-text__content\">\n<p class=\"has-contrast-color has-base-background-color has-text-color has-background has-link-color has-small-font-size wp-elements-d8561f29830b0cbeb9b43cb61ee57b9f\">Carlos Alcaraz es un tenista espa\u00f1ol que hizo historia al ser el n\u00famero 1 m\u00e1s joven de la ATP. Con solo 21 a\u00f1os, ya posee cuatro Grand Slams (US Open, Roland Garros y dos Wimbledon) y es considerado el sucesor de las grandes leyendas del tenis por su potencia y versatilidad en todas las superficies.<\/p>\n\n\n\n<p><\/p>\n<\/div><figure class=\"wp-block-media-text__media\"><img loading=\"lazy\" decoding=\"async\" width=\"259\" height=\"194\" src=\"https:\/\/blancaparra.fpcei.eu\/wp-content\/uploads\/2026\/03\/carlos-alcaraz.jpg\" alt=\"\" class=\"wp-image-171 size-full\"\/><\/figure><\/div>\n\n\n\n<div class=\"wp-block-media-text is-stacked-on-mobile\"><figure class=\"wp-block-media-text__media\"><img loading=\"lazy\" decoding=\"async\" width=\"1024\" height=\"683\" src=\"https:\/\/blancaparra.fpcei.eu\/wp-content\/uploads\/2026\/03\/PAULA-BADOSA-1024x683.webp\" alt=\"\" class=\"wp-image-172 size-full\" srcset=\"https:\/\/blancaparra.fpcei.eu\/wp-content\/uploads\/2026\/03\/PAULA-BADOSA-1024x683.webp 1024w, https:\/\/blancaparra.fpcei.eu\/wp-content\/uploads\/2026\/03\/PAULA-BADOSA-300x200.webp 300w, https:\/\/blancaparra.fpcei.eu\/wp-content\/uploads\/2026\/03\/PAULA-BADOSA-768x512.webp 768w, https:\/\/blancaparra.fpcei.eu\/wp-content\/uploads\/2026\/03\/PAULA-BADOSA.webp 1200w\" sizes=\"auto, (max-width: 1024px) 100vw, 1024px\" \/><\/figure><div class=\"wp-block-media-text__content\">\n<p class=\"has-contrast-color has-base-background-color has-text-color has-background has-link-color has-small-font-size wp-elements-70d0267bce50fe360c625e6e8071b4f6\">Es una tenista espa\u00f1ola (nacida en Nueva York en 1997) que lleg\u00f3 a ser n\u00famero 2 del mundo en 2022 .Ganadora del Indian Wells en 2021, su carrera ha estado marcada por una gran potencia de juego y una notable resiliencia para superar una lesi\u00f3n cr\u00f3nica de espalda que la oblig\u00f3 a pausar  en varias ocasiones.<\/p>\n<\/div><\/div>\n\n\n\n<div class=\"wp-block-media-text has-media-on-the-right is-stacked-on-mobile\"><div class=\"wp-block-media-text__content\">\n<p class=\"has-contrast-color has-base-background-color has-text-color has-background has-link-color has-small-font-size wp-elements-734030afb6b2990ee8507a0c2a558d34\">Es un tenista espa\u00f1ol conocido por su extrema solidez y regularidad en el circuito ATP, donde lleg\u00f3 a ser el n\u00famero 9 del mundo en 2019. Con 12 t\u00edtulos individuales en su palmar\u00e9s y una semifinal en Wimbledon, destaca por su potente derecha plana y su capacidad competitiva en cualquier superficie.<\/p>\n\n\n\n<p><\/p>\n<\/div><figure class=\"wp-block-media-text__media\"><img loading=\"lazy\" decoding=\"async\" width=\"1024\" height=\"576\" src=\"https:\/\/blancaparra.fpcei.eu\/wp-content\/uploads\/2026\/03\/bautista-agut-escape-feature-1024x576.jpg\" alt=\"\" class=\"wp-image-173 size-full\" srcset=\"https:\/\/blancaparra.fpcei.eu\/wp-content\/uploads\/2026\/03\/bautista-agut-escape-feature-1024x576.jpg 1024w, https:\/\/blancaparra.fpcei.eu\/wp-content\/uploads\/2026\/03\/bautista-agut-escape-feature-300x169.jpg 300w, https:\/\/blancaparra.fpcei.eu\/wp-content\/uploads\/2026\/03\/bautista-agut-escape-feature-768x432.jpg 768w, https:\/\/blancaparra.fpcei.eu\/wp-content\/uploads\/2026\/03\/bautista-agut-escape-feature-1536x864.jpg 1536w, https:\/\/blancaparra.fpcei.eu\/wp-content\/uploads\/2026\/03\/bautista-agut-escape-feature.jpg 1920w\" sizes=\"auto, (max-width: 1024px) 100vw, 1024px\" \/><\/figure><\/div>\n","protected":false},"excerpt":{"rendered":"<p>Carlos Alcaraz es un tenista espa\u00f1ol que hizo historia al ser el n\u00famero 1 m\u00e1s joven de la ATP. Con solo 21 a\u00f1os, ya posee cuatro Grand Slams (US Open, Roland Garros y dos Wimbledon) y es considerado el sucesor de las grandes leyendas del tenis por su potencia y versatilidad en todas las superficies. [&hellip;]<\/p>\n","protected":false},"author":2,"featured_media":0,"parent":0,"menu_order":0,"comment_status":"closed","ping_status":"closed","template":"","meta":{"footnotes":""},"class_list":["post-170","page","type-page","status-publish","hentry"],"_links":{"self":[{"href":"https:\/\/blancaparra.fpcei.eu\/index.php?rest_route=\/wp\/v2\/pages\/170","targetHints":{"allow":["GET"]}}],"collection":[{"href":"https:\/\/blancaparra.fpcei.eu\/index.php?rest_route=\/wp\/v2\/pages"}],"about":[{"href":"https:\/\/blancaparra.fpcei.eu\/index.php?rest_route=\/wp\/v2\/types\/page"}],"author":[{"embeddable":true,"href":"https:\/\/blancaparra.fpcei.eu\/index.php?rest_route=\/wp\/v2\/users\/2"}],"replies":[{"embeddable":true,"href":"https:\/\/blancaparra.fpcei.eu\/index.php?rest_route=%2Fwp%2Fv2%2Fcomments&post=170"}],"version-history":[{"count":1,"href":"https:\/\/blancaparra.fpcei.eu\/index.php?rest_route=\/wp\/v2\/pages\/170\/revisions"}],"predecessor-version":[{"id":174,"href":"https:\/\/blancaparra.fpcei.eu\/index.php?rest_route=\/wp\/v2\/pages\/170\/revisions\/174"}],"wp:attachment":[{"href":"https:\/\/blancaparra.fpcei.eu\/index.php?rest_route=%2Fwp%2Fv2%2Fmedia&parent=170"}],"curies":[{"name":"wp","href":"https:\/\/api.w.org\/{rel}","templated":true}]}}