{"id":148,"date":"2026-02-24T20:17:06","date_gmt":"2026-02-24T20:17:06","guid":{"rendered":"https:\/\/blancaparra.fpcei.eu\/?page_id=148"},"modified":"2026-02-24T20:45:03","modified_gmt":"2026-02-24T20:45:03","slug":"horarios-y-contacto","status":"publish","type":"page","link":"https:\/\/blancaparra.fpcei.eu\/?page_id=148","title":{"rendered":"Horarios y Contacto"},"content":{"rendered":"\n<p>Para las clases particulares les dejamos una tabla donde se muestran los horarios<\/p>\n\n\n\n<figure class=\"wp-block-table\"><table class=\"has-accent-3-color has-accent-2-background-color has-text-color has-background has-link-color has-fixed-layout\"><thead><tr><th>D\u00eda<\/th><th>Horario<\/th><th>Nivel<\/th><\/tr><\/thead><tbody><tr><td>Lunes<\/td><td>16:00 \u2013 17:00<\/td><td>Iniciaci\u00f3n<\/td><\/tr><tr><td>Lunes<\/td><td>17:00 \u2013 18:00<\/td><td>Intermedio<\/td><\/tr><tr><td>Martes<\/td><td>16:00 \u2013 17:00<\/td><td>Infantil<\/td><\/tr><tr><td>Mi\u00e9rcoles<\/td><td>18:00 \u2013 19:00<\/td><td>Avanzado<\/td><\/tr><tr><td>Viernes<\/td><td>17:00 \u2013 18:00<\/td><td>Adultos<\/td><\/tr><\/tbody><\/table><\/figure>\n\n\n\n<p>Para m\u00e1s informaci\u00f3n como precios o disponibilidad les dejamos nuestro contacto: <\/p>\n\n\n\n<p>&#x1f4de; Tel\u00e9fono: 968 123 456<br>&#x1f4e7; Email: <a href=\"https:\/\/blancaparra.fpcei.eu\/?page_id=148\" data-type=\"page\" data-id=\"148\">info@clubtenisparratennis.academy<\/a><\/p>\n\n\n\n<p><\/p>\n","protected":false},"excerpt":{"rendered":"<p>Para las clases particulares les dejamos una tabla donde se muestran los horarios D\u00eda Horario Nivel Lunes 16:00 \u2013 17:00 Iniciaci\u00f3n Lunes 17:00 \u2013 18:00 Intermedio Martes 16:00 \u2013 17:00 Infantil Mi\u00e9rcoles 18:00 \u2013 19:00 Avanzado Viernes 17:00 \u2013 18:00 Adultos Para m\u00e1s informaci\u00f3n como precios o disponibilidad les dejamos nuestro contacto: &#x1f4de; Tel\u00e9fono: 968 [&hellip;]<\/p>\n","protected":false},"author":2,"featured_media":0,"parent":0,"menu_order":0,"comment_status":"closed","ping_status":"closed","template":"","meta":{"footnotes":""},"class_list":["post-148","page","type-page","status-publish","hentry"],"_links":{"self":[{"href":"https:\/\/blancaparra.fpcei.eu\/index.php?rest_route=\/wp\/v2\/pages\/148","targetHints":{"allow":["GET"]}}],"collection":[{"href":"https:\/\/blancaparra.fpcei.eu\/index.php?rest_route=\/wp\/v2\/pages"}],"about":[{"href":"https:\/\/blancaparra.fpcei.eu\/index.php?rest_route=\/wp\/v2\/types\/page"}],"author":[{"embeddable":true,"href":"https:\/\/blancaparra.fpcei.eu\/index.php?rest_route=\/wp\/v2\/users\/2"}],"replies":[{"embeddable":true,"href":"https:\/\/blancaparra.fpcei.eu\/index.php?rest_route=%2Fwp%2Fv2%2Fcomments&post=148"}],"version-history":[{"count":2,"href":"https:\/\/blancaparra.fpcei.eu\/index.php?rest_route=\/wp\/v2\/pages\/148\/revisions"}],"predecessor-version":[{"id":151,"href":"https:\/\/blancaparra.fpcei.eu\/index.php?rest_route=\/wp\/v2\/pages\/148\/revisions\/151"}],"wp:attachment":[{"href":"https:\/\/blancaparra.fpcei.eu\/index.php?rest_route=%2Fwp%2Fv2%2Fmedia&parent=148"}],"curies":[{"name":"wp","href":"https:\/\/api.w.org\/{rel}","templated":true}]}}